{"id":400,"date":"2021-06-03T17:51:09","date_gmt":"2021-06-03T22:51:09","guid":{"rendered":"https:\/\/www.pescadero.com.co\/?page_id=400"},"modified":"2024-12-14T13:17:33","modified_gmt":"2024-12-14T18:17:33","slug":"piso-40x20cm","status":"publish","type":"page","link":"https:\/\/www.pescadero.com.co\/tejar\/?page_id=400","title":{"rendered":"Piso 40x20cm"},"content":{"rendered":"\t\t<div data-elementor-type=\"wp-page\" data-elementor-id=\"400\" class=\"elementor elementor-400\">\n\t\t\t\t\t\t<section class=\"elementor-section elementor-top-section elementor-element elementor-element-7329456 elementor-section-full_width elementor-section-height-default elementor-section-height-default\" data-id=\"7329456\" data-element_type=\"section\" data-e-type=\"section\" data-settings=\"{&quot;background_background&quot;:&quot;classic&quot;}\">\n\t\t\t\t\t\t<div class=\"elementor-container elementor-column-gap-default\">\n\t\t\t\t\t<div class=\"elementor-column elementor-col-33 elementor-top-column elementor-element elementor-element-c4cfba4\" data-id=\"c4cfba4\" data-element_type=\"column\" data-e-type=\"column\">\n\t\t\t<div class=\"elementor-widget-wrap\">\n\t\t\t\t\t\t\t<\/div>\n\t\t<\/div>\n\t\t\t\t<div class=\"elementor-column elementor-col-33 elementor-top-column elementor-element elementor-element-77db39d\" data-id=\"77db39d\" data-element_type=\"column\" data-e-type=\"column\">\n\t\t\t<div class=\"elementor-widget-wrap elementor-element-populated\">\n\t\t\t\t\t\t<div class=\"elementor-element elementor-element-07dcc78 elementor-align-left elementor-widget elementor-widget-button\" data-id=\"07dcc78\" data-element_type=\"widget\" data-e-type=\"widget\" data-widget_type=\"button.default\">\n\t\t\t\t<div class=\"elementor-widget-container\">\n\t\t\t\t\t\t\t\t\t<div class=\"elementor-button-wrapper\">\n\t\t\t\t\t<a class=\"elementor-button elementor-button-link elementor-size-sm elementor-animation-shrink\" href=\"https:\/\/www.pescadero.com.co\/tejar\/?page_id=227\">\n\t\t\t\t\t\t<span class=\"elementor-button-content-wrapper\">\n\t\t\t\t\t\t\t\t\t<span class=\"elementor-button-text\">Piso 30x30cm<\/span>\n\t\t\t\t\t<\/span>\n\t\t\t\t\t<\/a>\n\t\t\t\t<\/div>\n\t\t\t\t\t\t\t\t<\/div>\n\t\t\t\t<\/div>\n\t\t\t\t<div class=\"elementor-element elementor-element-34595c8 elementor-widget elementor-widget-button\" data-id=\"34595c8\" data-element_type=\"widget\" data-e-type=\"widget\" data-widget_type=\"button.default\">\n\t\t\t\t<div class=\"elementor-widget-container\">\n\t\t\t\t\t\t\t\t\t<div class=\"elementor-button-wrapper\">\n\t\t\t\t\t<a class=\"elementor-button elementor-button-link elementor-size-sm elementor-animation-shrink\" href=\"https:\/\/www.pescadero.com.co\/tejar\/?page_id=400\">\n\t\t\t\t\t\t<span class=\"elementor-button-content-wrapper\">\n\t\t\t\t\t\t\t\t\t<span class=\"elementor-button-text\">Piso 40x20cm     <\/span>\n\t\t\t\t\t<\/span>\n\t\t\t\t\t<\/a>\n\t\t\t\t<\/div>\n\t\t\t\t\t\t\t\t<\/div>\n\t\t\t\t<\/div>\n\t\t\t\t<div class=\"elementor-element elementor-element-04bda46 elementor-align-left elementor-widget elementor-widget-button\" data-id=\"04bda46\" data-element_type=\"widget\" data-e-type=\"widget\" data-widget_type=\"button.default\">\n\t\t\t\t<div class=\"elementor-widget-container\">\n\t\t\t\t\t\t\t\t\t<div class=\"elementor-button-wrapper\">\n\t\t\t\t\t<a class=\"elementor-button elementor-button-link elementor-size-sm elementor-animation-shrink\" href=\"https:\/\/www.pescadero.com.co\/tejar\/?page_id=401\">\n\t\t\t\t\t\t<span class=\"elementor-button-content-wrapper\">\n\t\t\t\t\t\t\t\t\t<span class=\"elementor-button-text\">Piso Corcho 12.5x12.5cm<\/span>\n\t\t\t\t\t<\/span>\n\t\t\t\t\t<\/a>\n\t\t\t\t<\/div>\n\t\t\t\t\t\t\t\t<\/div>\n\t\t\t\t<\/div>\n\t\t\t\t<div class=\"elementor-element elementor-element-3c53c6a elementor-align-left elementor-widget elementor-widget-button\" data-id=\"3c53c6a\" data-element_type=\"widget\" data-e-type=\"widget\" data-widget_type=\"button.default\">\n\t\t\t\t<div class=\"elementor-widget-container\">\n\t\t\t\t\t\t\t\t\t<div class=\"elementor-button-wrapper\">\n\t\t\t\t\t<a class=\"elementor-button elementor-button-link elementor-size-sm elementor-animation-shrink\" href=\"https:\/\/www.pescadero.com.co\/tejar\/?page_id=2520\">\n\t\t\t\t\t\t<span class=\"elementor-button-content-wrapper\">\n\t\t\t\t\t\t\t\t\t<span class=\"elementor-button-text\">Piso Texturizado 30x30<\/span>\n\t\t\t\t\t<\/span>\n\t\t\t\t\t<\/a>\n\t\t\t\t<\/div>\n\t\t\t\t\t\t\t\t<\/div>\n\t\t\t\t<\/div>\n\t\t\t\t\t<\/div>\n\t\t<\/div>\n\t\t\t\t<div class=\"elementor-column elementor-col-33 elementor-top-column elementor-element elementor-element-ddb6473\" data-id=\"ddb6473\" data-element_type=\"column\" data-e-type=\"column\">\n\t\t\t<div class=\"elementor-widget-wrap elementor-element-populated\">\n\t\t\t\t\t\t<div class=\"elementor-element elementor-element-7532281 elementor-widget elementor-widget-spacer\" data-id=\"7532281\" data-element_type=\"widget\" data-e-type=\"widget\" data-widget_type=\"spacer.default\">\n\t\t\t\t<div class=\"elementor-widget-container\">\n\t\t\t\t\t\t\t<div class=\"elementor-spacer\">\n\t\t\t<div class=\"elementor-spacer-inner\"><\/div>\n\t\t<\/div>\n\t\t\t\t\t\t<\/div>\n\t\t\t\t<\/div>\n\t\t\t\t<div class=\"elementor-element elementor-element-f8ce62a elementor-widget elementor-widget-elementskit-heading\" data-id=\"f8ce62a\" data-element_type=\"widget\" data-e-type=\"widget\" data-widget_type=\"elementskit-heading.default\">\n\t\t\t\t<div class=\"elementor-widget-container\">\n\t\t\t\t\t<div class=\"ekit-wid-con\" ><div class=\"ekit-heading elementskit-section-title-wraper text_left   ekit_heading_tablet-   ekit_heading_mobile-\"><h2 class=\"ekit-heading--title elementskit-section-title \">Piso  40x20cm<\/h2><div class=\"ekit_heading_separetor_wraper ekit_heading_elementskit-border-divider ekit-dotted\"><div class=\"elementskit-border-divider ekit-dotted\"><\/div><\/div><\/div><\/div>\t\t\t\t<\/div>\n\t\t\t\t<\/div>\n\t\t\t\t<div class=\"elementor-element elementor-element-05de6b1 elementor-widget elementor-widget-spacer\" data-id=\"05de6b1\" data-element_type=\"widget\" data-e-type=\"widget\" data-widget_type=\"spacer.default\">\n\t\t\t\t<div class=\"elementor-widget-container\">\n\t\t\t\t\t\t\t<div class=\"elementor-spacer\">\n\t\t\t<div class=\"elementor-spacer-inner\"><\/div>\n\t\t<\/div>\n\t\t\t\t\t\t<\/div>\n\t\t\t\t<\/div>\n\t\t\t\t\t<\/div>\n\t\t<\/div>\n\t\t\t\t\t<\/div>\n\t\t<\/section>\n\t\t\t\t<section class=\"elementor-section elementor-top-section elementor-element elementor-element-bcc2eb4 elementor-section-boxed elementor-section-height-default elementor-section-height-default\" data-id=\"bcc2eb4\" data-element_type=\"section\" data-e-type=\"section\">\n\t\t\t\t\t\t<div class=\"elementor-container elementor-column-gap-default\">\n\t\t\t\t\t<div class=\"elementor-column elementor-col-50 elementor-top-column elementor-element elementor-element-79e90a0\" data-id=\"79e90a0\" data-element_type=\"column\" data-e-type=\"column\">\n\t\t\t<div class=\"elementor-widget-wrap elementor-element-populated\">\n\t\t\t\t\t\t<div class=\"elementor-element elementor-element-bdaf58f elementor-widget elementor-widget-elementskit-heading\" data-id=\"bdaf58f\" data-element_type=\"widget\" data-e-type=\"widget\" data-widget_type=\"elementskit-heading.default\">\n\t\t\t\t<div class=\"elementor-widget-container\">\n\t\t\t\t\t<div class=\"ekit-wid-con\" ><div class=\"ekit-heading elementskit-section-title-wraper text_center   ekit_heading_tablet-   ekit_heading_mobile-\"><h2 class=\"ekit-heading--title elementskit-section-title \">Piso 40x20cm<\/h2><div class=\"ekit_heading_separetor_wraper ekit_heading_elementskit-border-divider ekit-dotted\"><div class=\"elementskit-border-divider ekit-dotted\"><\/div><\/div><\/div><\/div>\t\t\t\t<\/div>\n\t\t\t\t<\/div>\n\t\t\t\t<div class=\"elementor-element elementor-element-26ec45c elementor-widget elementor-widget-text-editor\" data-id=\"26ec45c\" data-element_type=\"widget\" data-e-type=\"widget\" data-widget_type=\"text-editor.default\">\n\t\t\t\t<div class=\"elementor-widget-container\">\n\t\t\t\t\t\t\t\t\t<p>Nuestro piso 40&#215;20 abre un nuevo esquema en cuanto a los acabados arquitect\u00f3nicos en arcilla, por su tama\u00f1o, permite diversas posibilidades en cuanto a modulaciones de dise\u00f1o, siendo ideal para aquellos proyectos que buscan m\u00e1s all\u00e1 de lo tradicional y van por nuevas tendencias, sin perder la esencia cl\u00e1sica de los productos de arcilla.<\/p>\t\t\t\t\t\t\t\t<\/div>\n\t\t\t\t<\/div>\n\t\t\t\t<div class=\"elementor-element elementor-element-02e0d13 elementor-view-stacked elementor-shape-circle elementor-widget elementor-widget-icon\" data-id=\"02e0d13\" data-element_type=\"widget\" data-e-type=\"widget\" data-widget_type=\"icon.default\">\n\t\t\t\t<div class=\"elementor-widget-container\">\n\t\t\t\t\t\t\t<div class=\"elementor-icon-wrapper\">\n\t\t\t<a class=\"elementor-icon\" href=\"https:\/\/www.pescadero.com.co\/tejar\/wp-content\/uploads\/2024\/12\/RECOMENDACIONES-PARA-LA-INSTALACION-DE-PISOS-40X20.pdf\">\n\t\t\t<i aria-hidden=\"true\" class=\"fas fa-stream\"><\/i>\t\t\t<\/a>\n\t\t<\/div>\n\t\t\t\t\t\t<\/div>\n\t\t\t\t<\/div>\n\t\t\t\t<div class=\"elementor-element elementor-element-18a3547 elementor-widget elementor-widget-elementskit-heading\" data-id=\"18a3547\" data-element_type=\"widget\" data-e-type=\"widget\" data-widget_type=\"elementskit-heading.default\">\n\t\t\t\t<div class=\"elementor-widget-container\">\n\t\t\t\t\t<div class=\"ekit-wid-con\" ><div class=\"ekit-heading elementskit-section-title-wraper text_center   ekit_heading_tablet-   ekit_heading_mobile-\"><h2 class=\"ekit-heading--title elementskit-section-title \">Ficha t\u00e9cnica<\/h2><div class=\"ekit_heading_separetor_wraper ekit_heading_elementskit-border-divider ekit-dotted\"><div class=\"elementskit-border-divider ekit-dotted\"><\/div><\/div><\/div><\/div>\t\t\t\t<\/div>\n\t\t\t\t<\/div>\n\t\t\t\t<div class=\"elementor-element elementor-element-46fbeab elementor-view-stacked elementor-shape-circle elementor-widget elementor-widget-icon\" data-id=\"46fbeab\" data-element_type=\"widget\" data-e-type=\"widget\" data-widget_type=\"icon.default\">\n\t\t\t\t<div class=\"elementor-widget-container\">\n\t\t\t\t\t\t\t<div class=\"elementor-icon-wrapper\">\n\t\t\t<a class=\"elementor-icon\" href=\"https:\/\/www.pescadero.com.co\/tejar\/wp-content\/uploads\/2023\/07\/MANUAL-DE-INSTALACION-PISOS-40x20-1.pdf\">\n\t\t\t<i aria-hidden=\"true\" class=\"far fa-file-alt\"><\/i>\t\t\t<\/a>\n\t\t<\/div>\n\t\t\t\t\t\t<\/div>\n\t\t\t\t<\/div>\n\t\t\t\t<div class=\"elementor-element elementor-element-9e96638 elementor-widget elementor-widget-elementskit-heading\" data-id=\"9e96638\" data-element_type=\"widget\" data-e-type=\"widget\" data-widget_type=\"elementskit-heading.default\">\n\t\t\t\t<div class=\"elementor-widget-container\">\n\t\t\t\t\t<div class=\"ekit-wid-con\" ><div class=\"ekit-heading elementskit-section-title-wraper text_center   ekit_heading_tablet-   ekit_heading_mobile-\"><h2 class=\"ekit-heading--title elementskit-section-title \">Manual de instalaci\u00f3n<\/h2><div class=\"ekit_heading_separetor_wraper ekit_heading_elementskit-border-divider ekit-dotted\"><div class=\"elementskit-border-divider ekit-dotted\"><\/div><\/div><\/div><\/div>\t\t\t\t<\/div>\n\t\t\t\t<\/div>\n\t\t\t\t\t<\/div>\n\t\t<\/div>\n\t\t\t\t<div class=\"elementor-column elementor-col-50 elementor-top-column elementor-element elementor-element-178cb39\" data-id=\"178cb39\" data-element_type=\"column\" data-e-type=\"column\">\n\t\t\t<div class=\"elementor-widget-wrap elementor-element-populated\">\n\t\t\t\t\t\t<div class=\"elementor-element elementor-element-4046439 elementor-invisible elementor-widget elementor-widget-image\" data-id=\"4046439\" data-element_type=\"widget\" data-e-type=\"widget\" data-settings=\"{&quot;_animation&quot;:&quot;fadeIn&quot;}\" data-widget_type=\"image.default\">\n\t\t\t\t<div class=\"elementor-widget-container\">\n\t\t\t\t\t\t\t\t\t\t\t\t\t\t\t<img decoding=\"async\" data-src=\"https:\/\/www.pescadero.com.co\/tejar\/wp-content\/uploads\/elementor\/thumbs\/tonos-40X20-p8560wrjy9313fo22hes30zx18m7ly5wc8lklk9tsw.png\" title=\"tonos-40X20\" alt=\"tonos-40X20\" src=\"data:image\/svg+xml;base64,PHN2ZyB3aWR0aD0iMSIgaGVpZ2h0PSIxIiB4bWxucz0iaHR0cDovL3d3dy53My5vcmcvMjAwMC9zdmciPjwvc3ZnPg==\" class=\"lazyload\" style=\"--smush-placeholder-width: 400px; --smush-placeholder-aspect-ratio: 400\/80;\" \/>\t\t\t\t\t\t\t\t\t\t\t\t\t\t\t<\/div>\n\t\t\t\t<\/div>\n\t\t\t\t<div class=\"elementor-element elementor-element-4b14ac3 gallery-spacing-custom elementor-widget elementor-widget-image-gallery\" data-id=\"4b14ac3\" data-element_type=\"widget\" data-e-type=\"widget\" data-widget_type=\"image-gallery.default\">\n\t\t\t\t<div class=\"elementor-widget-container\">\n\t\t\t\t\t\t\t<div class=\"elementor-image-gallery\">\n\t\t\t<div id='gallery-1' class='gallery galleryid-400 gallery-columns-4 gallery-size-medium'><figure class='gallery-item'>\n\t\t\t<div class='gallery-icon portrait'>\n\t\t\t\t<a data-elementor-open-lightbox=\"yes\" data-elementor-lightbox-slideshow=\"4b14ac3\" data-elementor-lightbox-title=\"21\" data-e-action-hash=\"#elementor-action%3Aaction%3Dlightbox%26settings%3DeyJpZCI6NDE4LCJ1cmwiOiJodHRwczpcL1wvd3d3LnBlc2NhZGVyby5jb20uY29cL3RlamFyXC93cC1jb250ZW50XC91cGxvYWRzXC8yMDIxXC8wNlwvMjEuanBnIiwic2xpZGVzaG93IjoiNGIxNGFjMyJ9\" href='https:\/\/www.pescadero.com.co\/tejar\/wp-content\/uploads\/2021\/06\/21.jpg'><img fetchpriority=\"high\" decoding=\"async\" width=\"215\" height=\"300\" src=\"https:\/\/www.pescadero.com.co\/tejar\/wp-content\/uploads\/2021\/06\/21-215x300.jpg\" class=\"attachment-medium size-medium\" alt=\"\" srcset=\"https:\/\/www.pescadero.com.co\/tejar\/wp-content\/uploads\/2021\/06\/21-215x300.jpg 215w, https:\/\/www.pescadero.com.co\/tejar\/wp-content\/uploads\/2021\/06\/21.jpg 510w\" sizes=\"(max-width: 215px) 100vw, 215px\" \/><\/a>\n\t\t\t<\/div><\/figure><figure class='gallery-item'>\n\t\t\t<div class='gallery-icon portrait'>\n\t\t\t\t<a data-elementor-open-lightbox=\"yes\" data-elementor-lightbox-slideshow=\"4b14ac3\" data-elementor-lightbox-title=\"24\" data-e-action-hash=\"#elementor-action%3Aaction%3Dlightbox%26settings%3DeyJpZCI6NDE5LCJ1cmwiOiJodHRwczpcL1wvd3d3LnBlc2NhZGVyby5jb20uY29cL3RlamFyXC93cC1jb250ZW50XC91cGxvYWRzXC8yMDIxXC8wNlwvMjQuanBnIiwic2xpZGVzaG93IjoiNGIxNGFjMyJ9\" href='https:\/\/www.pescadero.com.co\/tejar\/wp-content\/uploads\/2021\/06\/24.jpg'><img decoding=\"async\" width=\"215\" height=\"300\" data-src=\"https:\/\/www.pescadero.com.co\/tejar\/wp-content\/uploads\/2021\/06\/24-215x300.jpg\" class=\"attachment-medium size-medium lazyload\" alt=\"\" data-srcset=\"https:\/\/www.pescadero.com.co\/tejar\/wp-content\/uploads\/2021\/06\/24-215x300.jpg 215w, https:\/\/www.pescadero.com.co\/tejar\/wp-content\/uploads\/2021\/06\/24.jpg 510w\" data-sizes=\"(max-width: 215px) 100vw, 215px\" src=\"data:image\/svg+xml;base64,PHN2ZyB3aWR0aD0iMSIgaGVpZ2h0PSIxIiB4bWxucz0iaHR0cDovL3d3dy53My5vcmcvMjAwMC9zdmciPjwvc3ZnPg==\" style=\"--smush-placeholder-width: 215px; --smush-placeholder-aspect-ratio: 215\/300;\" \/><\/a>\n\t\t\t<\/div><\/figure><figure class='gallery-item'>\n\t\t\t<div class='gallery-icon portrait'>\n\t\t\t\t<a data-elementor-open-lightbox=\"yes\" data-elementor-lightbox-slideshow=\"4b14ac3\" data-elementor-lightbox-title=\"25\" data-e-action-hash=\"#elementor-action%3Aaction%3Dlightbox%26settings%3DeyJpZCI6NDIwLCJ1cmwiOiJodHRwczpcL1wvd3d3LnBlc2NhZGVyby5jb20uY29cL3RlamFyXC93cC1jb250ZW50XC91cGxvYWRzXC8yMDIxXC8wNlwvMjUuanBnIiwic2xpZGVzaG93IjoiNGIxNGFjMyJ9\" href='https:\/\/www.pescadero.com.co\/tejar\/wp-content\/uploads\/2021\/06\/25.jpg'><img decoding=\"async\" width=\"215\" height=\"300\" data-src=\"https:\/\/www.pescadero.com.co\/tejar\/wp-content\/uploads\/2021\/06\/25-215x300.jpg\" class=\"attachment-medium size-medium lazyload\" alt=\"\" data-srcset=\"https:\/\/www.pescadero.com.co\/tejar\/wp-content\/uploads\/2021\/06\/25-215x300.jpg 215w, https:\/\/www.pescadero.com.co\/tejar\/wp-content\/uploads\/2021\/06\/25.jpg 510w\" data-sizes=\"(max-width: 215px) 100vw, 215px\" src=\"data:image\/svg+xml;base64,PHN2ZyB3aWR0aD0iMSIgaGVpZ2h0PSIxIiB4bWxucz0iaHR0cDovL3d3dy53My5vcmcvMjAwMC9zdmciPjwvc3ZnPg==\" style=\"--smush-placeholder-width: 215px; --smush-placeholder-aspect-ratio: 215\/300;\" \/><\/a>\n\t\t\t<\/div><\/figure><figure class='gallery-item'>\n\t\t\t<div class='gallery-icon portrait'>\n\t\t\t\t<a data-elementor-open-lightbox=\"yes\" data-elementor-lightbox-slideshow=\"4b14ac3\" data-elementor-lightbox-title=\"5\" data-e-action-hash=\"#elementor-action%3Aaction%3Dlightbox%26settings%3DeyJpZCI6NDI4LCJ1cmwiOiJodHRwczpcL1wvd3d3LnBlc2NhZGVyby5jb20uY29cL3RlamFyXC93cC1jb250ZW50XC91cGxvYWRzXC8yMDIxXC8wNlwvNS0xLmpwZyIsInNsaWRlc2hvdyI6IjRiMTRhYzMifQ%3D%3D\" href='https:\/\/www.pescadero.com.co\/tejar\/wp-content\/uploads\/2021\/06\/5-1.jpg'><img decoding=\"async\" width=\"215\" height=\"300\" data-src=\"https:\/\/www.pescadero.com.co\/tejar\/wp-content\/uploads\/2021\/06\/5-1-215x300.jpg\" class=\"attachment-medium size-medium lazyload\" alt=\"\" data-srcset=\"https:\/\/www.pescadero.com.co\/tejar\/wp-content\/uploads\/2021\/06\/5-1-215x300.jpg 215w, https:\/\/www.pescadero.com.co\/tejar\/wp-content\/uploads\/2021\/06\/5-1.jpg 510w\" data-sizes=\"(max-width: 215px) 100vw, 215px\" src=\"data:image\/svg+xml;base64,PHN2ZyB3aWR0aD0iMSIgaGVpZ2h0PSIxIiB4bWxucz0iaHR0cDovL3d3dy53My5vcmcvMjAwMC9zdmciPjwvc3ZnPg==\" style=\"--smush-placeholder-width: 215px; --smush-placeholder-aspect-ratio: 215\/300;\" \/><\/a>\n\t\t\t<\/div><\/figure><figure class='gallery-item'>\n\t\t\t<div class='gallery-icon landscape'>\n\t\t\t\t<a data-elementor-open-lightbox=\"yes\" data-elementor-lightbox-slideshow=\"4b14ac3\" data-elementor-lightbox-title=\"28\" data-e-action-hash=\"#elementor-action%3Aaction%3Dlightbox%26settings%3DeyJpZCI6NDIyLCJ1cmwiOiJodHRwczpcL1wvd3d3LnBlc2NhZGVyby5jb20uY29cL3RlamFyXC93cC1jb250ZW50XC91cGxvYWRzXC8yMDIxXC8wNlwvMjguanBnIiwic2xpZGVzaG93IjoiNGIxNGFjMyJ9\" href='https:\/\/www.pescadero.com.co\/tejar\/wp-content\/uploads\/2021\/06\/28.jpg'><img decoding=\"async\" width=\"300\" height=\"203\" data-src=\"https:\/\/www.pescadero.com.co\/tejar\/wp-content\/uploads\/2021\/06\/28-300x203.jpg\" class=\"attachment-medium size-medium lazyload\" alt=\"\" data-srcset=\"https:\/\/www.pescadero.com.co\/tejar\/wp-content\/uploads\/2021\/06\/28-300x203.jpg 300w, https:\/\/www.pescadero.com.co\/tejar\/wp-content\/uploads\/2021\/06\/28-1024x694.jpg 1024w, https:\/\/www.pescadero.com.co\/tejar\/wp-content\/uploads\/2021\/06\/28-768x521.jpg 768w, https:\/\/www.pescadero.com.co\/tejar\/wp-content\/uploads\/2021\/06\/28.jpg 1050w\" data-sizes=\"(max-width: 300px) 100vw, 300px\" src=\"data:image\/svg+xml;base64,PHN2ZyB3aWR0aD0iMSIgaGVpZ2h0PSIxIiB4bWxucz0iaHR0cDovL3d3dy53My5vcmcvMjAwMC9zdmciPjwvc3ZnPg==\" style=\"--smush-placeholder-width: 300px; --smush-placeholder-aspect-ratio: 300\/203;\" \/><\/a>\n\t\t\t<\/div><\/figure><figure class='gallery-item'>\n\t\t\t<div class='gallery-icon landscape'>\n\t\t\t\t<a data-elementor-open-lightbox=\"yes\" data-elementor-lightbox-slideshow=\"4b14ac3\" data-elementor-lightbox-title=\"57.1\" data-e-action-hash=\"#elementor-action%3Aaction%3Dlightbox%26settings%3DeyJpZCI6NDIzLCJ1cmwiOiJodHRwczpcL1wvd3d3LnBlc2NhZGVyby5jb20uY29cL3RlamFyXC93cC1jb250ZW50XC91cGxvYWRzXC8yMDIxXC8wNlwvNTcuMS5qcGciLCJzbGlkZXNob3ciOiI0YjE0YWMzIn0%3D\" href='https:\/\/www.pescadero.com.co\/tejar\/wp-content\/uploads\/2021\/06\/57.1.jpg'><img decoding=\"async\" width=\"300\" height=\"203\" data-src=\"https:\/\/www.pescadero.com.co\/tejar\/wp-content\/uploads\/2021\/06\/57.1-300x203.jpg\" class=\"attachment-medium size-medium lazyload\" alt=\"\" data-srcset=\"https:\/\/www.pescadero.com.co\/tejar\/wp-content\/uploads\/2021\/06\/57.1-300x203.jpg 300w, https:\/\/www.pescadero.com.co\/tejar\/wp-content\/uploads\/2021\/06\/57.1-1024x694.jpg 1024w, https:\/\/www.pescadero.com.co\/tejar\/wp-content\/uploads\/2021\/06\/57.1-768x521.jpg 768w, https:\/\/www.pescadero.com.co\/tejar\/wp-content\/uploads\/2021\/06\/57.1.jpg 1050w\" data-sizes=\"(max-width: 300px) 100vw, 300px\" src=\"data:image\/svg+xml;base64,PHN2ZyB3aWR0aD0iMSIgaGVpZ2h0PSIxIiB4bWxucz0iaHR0cDovL3d3dy53My5vcmcvMjAwMC9zdmciPjwvc3ZnPg==\" style=\"--smush-placeholder-width: 300px; --smush-placeholder-aspect-ratio: 300\/203;\" \/><\/a>\n\t\t\t<\/div><\/figure><figure class='gallery-item'>\n\t\t\t<div class='gallery-icon landscape'>\n\t\t\t\t<a data-elementor-open-lightbox=\"yes\" data-elementor-lightbox-slideshow=\"4b14ac3\" data-elementor-lightbox-title=\"61.1\" data-e-action-hash=\"#elementor-action%3Aaction%3Dlightbox%26settings%3DeyJpZCI6NDI0LCJ1cmwiOiJodHRwczpcL1wvd3d3LnBlc2NhZGVyby5jb20uY29cL3RlamFyXC93cC1jb250ZW50XC91cGxvYWRzXC8yMDIxXC8wNlwvNjEuMS5qcGciLCJzbGlkZXNob3ciOiI0YjE0YWMzIn0%3D\" href='https:\/\/www.pescadero.com.co\/tejar\/wp-content\/uploads\/2021\/06\/61.1.jpg'><img decoding=\"async\" width=\"300\" height=\"203\" data-src=\"https:\/\/www.pescadero.com.co\/tejar\/wp-content\/uploads\/2021\/06\/61.1-300x203.jpg\" class=\"attachment-medium size-medium lazyload\" alt=\"\" data-srcset=\"https:\/\/www.pescadero.com.co\/tejar\/wp-content\/uploads\/2021\/06\/61.1-300x203.jpg 300w, https:\/\/www.pescadero.com.co\/tejar\/wp-content\/uploads\/2021\/06\/61.1-1024x694.jpg 1024w, https:\/\/www.pescadero.com.co\/tejar\/wp-content\/uploads\/2021\/06\/61.1-768x521.jpg 768w, https:\/\/www.pescadero.com.co\/tejar\/wp-content\/uploads\/2021\/06\/61.1.jpg 1050w\" data-sizes=\"(max-width: 300px) 100vw, 300px\" src=\"data:image\/svg+xml;base64,PHN2ZyB3aWR0aD0iMSIgaGVpZ2h0PSIxIiB4bWxucz0iaHR0cDovL3d3dy53My5vcmcvMjAwMC9zdmciPjwvc3ZnPg==\" style=\"--smush-placeholder-width: 300px; --smush-placeholder-aspect-ratio: 300\/203;\" \/><\/a>\n\t\t\t<\/div><\/figure><figure class='gallery-item'>\n\t\t\t<div class='gallery-icon landscape'>\n\t\t\t\t<a data-elementor-open-lightbox=\"yes\" data-elementor-lightbox-slideshow=\"4b14ac3\" data-elementor-lightbox-title=\"Piso 40x20 Tabaco\" data-e-action-hash=\"#elementor-action%3Aaction%3Dlightbox%26settings%3DeyJpZCI6MzM3LCJ1cmwiOiJodHRwczpcL1wvd3d3LnBlc2NhZGVyby5jb20uY29cL3RlamFyXC93cC1jb250ZW50XC91cGxvYWRzXC8yMDIxXC8wNlwvUGlzby00MHgyMC1UYWJhY28uanBnIiwic2xpZGVzaG93IjoiNGIxNGFjMyJ9\" href='https:\/\/www.pescadero.com.co\/tejar\/wp-content\/uploads\/2021\/06\/Piso-40x20-Tabaco.jpg'><img decoding=\"async\" width=\"300\" height=\"203\" data-src=\"https:\/\/www.pescadero.com.co\/tejar\/wp-content\/uploads\/2021\/06\/Piso-40x20-Tabaco-300x203.jpg\" class=\"attachment-medium size-medium lazyload\" alt=\"\" data-srcset=\"https:\/\/www.pescadero.com.co\/tejar\/wp-content\/uploads\/2021\/06\/Piso-40x20-Tabaco-300x203.jpg 300w, https:\/\/www.pescadero.com.co\/tejar\/wp-content\/uploads\/2021\/06\/Piso-40x20-Tabaco-1024x694.jpg 1024w, https:\/\/www.pescadero.com.co\/tejar\/wp-content\/uploads\/2021\/06\/Piso-40x20-Tabaco-768x521.jpg 768w, https:\/\/www.pescadero.com.co\/tejar\/wp-content\/uploads\/2021\/06\/Piso-40x20-Tabaco.jpg 1050w\" data-sizes=\"(max-width: 300px) 100vw, 300px\" src=\"data:image\/svg+xml;base64,PHN2ZyB3aWR0aD0iMSIgaGVpZ2h0PSIxIiB4bWxucz0iaHR0cDovL3d3dy53My5vcmcvMjAwMC9zdmciPjwvc3ZnPg==\" style=\"--smush-placeholder-width: 300px; --smush-placeholder-aspect-ratio: 300\/203;\" \/><\/a>\n\t\t\t<\/div><\/figure>\n\t\t<\/div>\n\t\t<\/div>\n\t\t\t\t\t\t<\/div>\n\t\t\t\t<\/div>\n\t\t\t\t\t<\/div>\n\t\t<\/div>\n\t\t\t\t\t<\/div>\n\t\t<\/section>\n\t\t\t\t<\/div>\n\t\t","protected":false},"excerpt":{"rendered":"<p>Piso 30x30cm Piso 40x20cm Piso Corcho 12.5&#215;12.5cm Piso Texturizado 30&#215;30 Piso 40x20cm Piso 40x20cm Nuestro piso 40&#215;20 abre un nuevo esquema en cuanto a los acabados arquitect\u00f3nicos en arcilla, por su tama\u00f1o, permite diversas posibilidades en cuanto a modulaciones de dise\u00f1o, siendo ideal para aquellos proyectos que buscan m\u00e1s all\u00e1 de lo tradicional y van [&hellip;]<\/p>\n","protected":false},"author":1,"featured_media":0,"parent":0,"menu_order":0,"comment_status":"closed","ping_status":"closed","template":"elementor_header_footer","meta":{"_joinchat":[],"footnotes":""},"class_list":["post-400","page","type-page","status-publish","hentry"],"_links":{"self":[{"href":"https:\/\/www.pescadero.com.co\/tejar\/index.php?rest_route=\/wp\/v2\/pages\/400","targetHints":{"allow":["GET"]}}],"collection":[{"href":"https:\/\/www.pescadero.com.co\/tejar\/index.php?rest_route=\/wp\/v2\/pages"}],"about":[{"href":"https:\/\/www.pescadero.com.co\/tejar\/index.php?rest_route=\/wp\/v2\/types\/page"}],"author":[{"embeddable":true,"href":"https:\/\/www.pescadero.com.co\/tejar\/index.php?rest_route=\/wp\/v2\/users\/1"}],"replies":[{"embeddable":true,"href":"https:\/\/www.pescadero.com.co\/tejar\/index.php?rest_route=%2Fwp%2Fv2%2Fcomments&post=400"}],"version-history":[{"count":67,"href":"https:\/\/www.pescadero.com.co\/tejar\/index.php?rest_route=\/wp\/v2\/pages\/400\/revisions"}],"predecessor-version":[{"id":3596,"href":"https:\/\/www.pescadero.com.co\/tejar\/index.php?rest_route=\/wp\/v2\/pages\/400\/revisions\/3596"}],"wp:attachment":[{"href":"https:\/\/www.pescadero.com.co\/tejar\/index.php?rest_route=%2Fwp%2Fv2%2Fmedia&parent=400"}],"curies":[{"name":"wp","href":"https:\/\/api.w.org\/{rel}","templated":true}]}}